{"id":34123,"date":"2021-04-07T08:32:27","date_gmt":"2021-04-07T08:32:27","guid":{"rendered":"https:\/\/www.olivari.it\/?page_id=34123"},"modified":"2026-03-10T16:25:32","modified_gmt":"2026-03-10T16:25:32","slug":"ads","status":"publish","type":"page","link":"https:\/\/www.olivari.it\/es\/ads\/","title":{"rendered":"Landing ES"},"content":{"rendered":"<p>[vc_row css_animation=\u00bbelement_from_fade\u00bb row_type=\u00bbrow\u00bb use_row_as_full_screen_section=\u00bbyes\u00bb type=\u00bbgrid\u00bb angled_section=\u00bbno\u00bb text_align=\u00bbcenter\u00bb background_image_as_pattern=\u00bbwithout_pattern\u00bb background_color=\u00bb#ffffff\u00bb padding_top=\u00bb30&#8243; z_index=\u00bb\u00bb css=\u00bb.vc_custom_1763996510685{background-image: url(https:\/\/www.olivari.it\/wp-content\/uploads\/2025\/11\/maniglia-landing-2026.jpg?id=100078) !important;background-position: center !important;background-repeat: no-repeat !important;background-size: cover !important;}\u00bb el_id=\u00bbtestataImg\u00bb][vc_column][vc_single_image image=\u00bb100024&#8243; img_size=\u00bbfull\u00bb alignment=\u00bbcenter\u00bb qode_css_animation=\u00bb\u00bb css=\u00bb.vc_custom_1763979971724{margin-top: 10px !important;border-bottom-width: 10px !important;}\u00bb][vc_separator type=\u00bbtransparent\u00bb up=\u00bb15&#8243;][vc_column_text]<\/p>\n<h1 style=\"text-align: center;\"><span style=\"color: #000000; font-family: 'Titillium Web', sans-serif !important; font-weight: 500;\">Las mejores manillas por dise\u00f1o y calidad<\/span><\/h1>\n<p>[\/vc_column_text][vc_separator type=\u00bbtransparent\u00bb up=\u00bb400&#8243;]<a  itemprop=\"url\" href=\"#download\" target=\"_self\"  class=\"qbutton  default\" style=\"\">SOLICITAR CATALOGO<\/a>[\/vc_column][\/vc_row][vc_row css_animation=\u00bb\u00bb row_type=\u00bbrow\u00bb use_row_as_full_screen_section=\u00bbno\u00bb type=\u00bbgrid\u00bb angled_section=\u00bbno\u00bb text_align=\u00bbleft\u00bb background_image_as_pattern=\u00bbwith_pattern\u00bb anchor=\u00bbportfolio\u00bb background_color=\u00bb#f6f6f6&#8243; padding_top=\u00bb30px\u00bb padding_bottom=\u00bb30px\u00bb el_id=\u00bbpresentazione\u00bb z_index=\u00bb\u00bb][vc_column][vc_empty_space][vc_column_text]<\/p>\n<p style=\"text-align: center;\">Desde hace m\u00e1s de un siglo, Olivari combina dise\u00f1o, innovaci\u00f3n y calidad Made in Italy<br \/>\npara crear objetos de estilo contempor\u00e1neo, concebidos con precisi\u00f3n y excelencia<\/p>\n<p>[\/vc_column_text][vc_empty_space height=\u00bb60px\u00bb][vc_column_text]<\/p>\n<h2 style=\"text-align: center;\">Los grandes nombres que han dado forma al dise\u00f1o Olivari<\/h2>\n<p>[\/vc_column_text][vc_empty_space][vc_single_image image=\u00bb100039&#8243; img_size=\u00bbfull\u00bb alignment=\u00bbcenter\u00bb qode_css_animation=\u00bb\u00bb][\/vc_column][\/vc_row][vc_row css_animation=\u00bb\u00bb row_type=\u00bbrow\u00bb use_row_as_full_screen_section=\u00bbno\u00bb type=\u00bbfull_width\u00bb angled_section=\u00bbno\u00bb text_align=\u00bbleft\u00bb background_image_as_pattern=\u00bbwithout_pattern\u00bb background_color=\u00bb#ffffff\u00bb z_index=\u00bb\u00bb][vc_column][vc_empty_space height=\u00bb60px\u00bb][vc_column_text]<\/p>\n<h2 style=\"text-align: center;\">Un cat\u00e1logo con m\u00e1s de 100 manillas<\/h2>\n<p>[\/vc_column_text][\/vc_column][\/vc_row][vc_row css_animation=\u00bb\u00bb row_type=\u00bbrow\u00bb use_row_as_full_screen_section=\u00bbno\u00bb type=\u00bbgrid\u00bb angled_section=\u00bbno\u00bb text_align=\u00bbleft\u00bb background_image_as_pattern=\u00bbwithout_pattern\u00bb background_color=\u00bb#ffffff\u00bb padding_top=\u00bb60&#8243; padding_bottom=\u00bb0&#8243; z_index=\u00bb\u00bb el_id=\u00bbproducts\u00bb][vc_column width=\u00bb1\/3&#8243;][vc_single_image image=\u00bb96484&#8243; img_size=\u00bbfull\u00bb onclick=\u00bbcustom_link\u00bb qode_css_animation=\u00bbelement_from_left\u00bb transition_delay=\u00bb0.3&#8243;][vc_row_inner row_type=\u00bbrow\u00bb use_as_box=\u00bbuse_row_as_box\u00bb type=\u00bbfull_width\u00bb text_align=\u00bbleft\u00bb css_animation=\u00bb\u00bb padding_top=\u00bb0&#8243; padding_bottom=\u00bb28&#8243; padding=\u00bb0&#8243;][vc_column_inner][vc_separator type=\u00bbtransparent\u00bb up=\u00bb17&#8243; down=\u00bb0&#8243;][vc_column_text]<\/p>\n<h3>MANILLAS SQUARE<\/h3>\n<p>[\/vc_column_text][vc_separator type=\u00bbtransparent\u00bb up=\u00bb10&#8243; down=\u00bb0&#8243;][vc_column_text]La serie Square se caracteriza por la forma cuadrada de los<br \/>\ncomponentes t\u00e9cnicos (roseta, bocallave, placa, &#8230;) y por<br \/>\nla geometr\u00eda con desarrollo lineal de las empu\u00f1aduras.[\/vc_column_text][\/vc_column_inner][\/vc_row_inner][vc_separator type=\u00bbtransparent\u00bb up=\u00bb40&#8243; down=\u00bb0&#8243;][\/vc_column][vc_column width=\u00bb1\/3&#8243;][vc_single_image image=\u00bb93781&#8243; img_size=\u00bbfull\u00bb onclick=\u00bbcustom_link\u00bb qode_css_animation=\u00bbelement_from_bottom\u00bb transition_delay=\u00bb0.3&#8243;][vc_row_inner row_type=\u00bbrow\u00bb use_as_box=\u00bbuse_row_as_box\u00bb type=\u00bbfull_width\u00bb text_align=\u00bbleft\u00bb css_animation=\u00bb\u00bb padding_top=\u00bb0&#8243; padding_bottom=\u00bb28&#8243; padding=\u00bb0&#8243;][vc_column_inner][vc_separator type=\u00bbtransparent\u00bb up=\u00bb17&#8243; down=\u00bb0&#8243;][vc_column_text]<\/p>\n<h3>MANILLAS ROUND<\/h3>\n<p>[\/vc_column_text][vc_separator type=\u00bbtransparent\u00bb up=\u00bb10&#8243; down=\u00bb0&#8243;][vc_column_text]La serie Round se caracteriza por la forma redonda de los<br \/>\ncomponentes t\u00e9cnicos (roseta, bocallave, placa, &#8230;) y para<br \/>\nla geometr\u00eda variable de las empu\u00f1aduras.[\/vc_column_text][\/vc_column_inner][\/vc_row_inner][vc_separator type=\u00bbtransparent\u00bb up=\u00bb40&#8243; down=\u00bb0&#8243;][\/vc_column][vc_column width=\u00bb1\/3&#8243;][vc_single_image image=\u00bb98199&#8243; img_size=\u00bbfull\u00bb onclick=\u00bbcustom_link\u00bb qode_css_animation=\u00bbelement_from_right\u00bb transition_delay=\u00bb0.3&#8243;][vc_row_inner row_type=\u00bbrow\u00bb use_as_box=\u00bbuse_row_as_box\u00bb type=\u00bbfull_width\u00bb text_align=\u00bbleft\u00bb css_animation=\u00bb\u00bb padding_top=\u00bb0&#8243; padding_bottom=\u00bb28&#8243; padding=\u00bb0&#8243;][vc_column_inner][vc_separator type=\u00bbtransparent\u00bb up=\u00bb17&#8243; down=\u00bb0&#8243;][vc_column_text]<\/p>\n<h3>MANILLAS SPECIAL<\/h3>\n<p>[\/vc_column_text][vc_separator type=\u00bbtransparent\u00bb up=\u00bb10&#8243; down=\u00bb0&#8243;][vc_column_text]Los productos de la serie Special se caracterizan por el<br \/>\nrefinamiento y la originalidad de las formas y materiales<br \/>\nde las empu\u00f1aduras.[\/vc_column_text][\/vc_column_inner][\/vc_row_inner][vc_separator type=\u00bbtransparent\u00bb up=\u00bb40&#8243; down=\u00bb0&#8243;][\/vc_column][\/vc_row][vc_row css_animation=\u00bb\u00bb row_type=\u00bbrow\u00bb use_row_as_full_screen_section=\u00bbno\u00bb type=\u00bbfull_width\u00bb angled_section=\u00bbno\u00bb text_align=\u00bbcenter\u00bb background_image_as_pattern=\u00bbwithout_pattern\u00bb background_color=\u00bb#f6f6f6&#8243; z_index=\u00bb\u00bb css=\u00bb.vc_custom_1634291971182{border-bottom-width: 30px !important;background-color: #f6f6f6 !important;border-bottom-color: #ffffff !important;}\u00bb el_id=\u00bbdownload\u00bb][vc_column width=\u00bb1\/3&#8243;][\/vc_column][vc_column width=\u00bb1\/3&#8243;][vc_empty_space height=\u00bb54px\u00bb][vc_column_text]<\/p>\n<h2 style=\"text-align: center;\">Solicitar informaci\u00f3n y catalogo<\/h2>\n<p>[\/vc_column_text][vc_empty_space height=\u00bb20px\u00bb]\n<div class=\"wpcf7 no-js\" id=\"wpcf7-f38397-o1\" lang=\"es-ES\" dir=\"ltr\">\n<div class=\"screen-reader-response\"><p role=\"status\" aria-live=\"polite\" aria-atomic=\"true\"><\/p> <ul><\/ul><\/div>\n<form action=\"\/es\/wp-json\/wp\/v2\/pages\/34123#wpcf7-f38397-o1\" method=\"post\" class=\"wpcf7-form init cf7_custom_style_1\" aria-label=\"Formulario de contacto\" novalidate=\"novalidate\" data-status=\"init\">\n<div style=\"display: none;\">\n<input type=\"hidden\" name=\"_wpcf7\" value=\"38397\" \/>\n<input type=\"hidden\" name=\"_wpcf7_version\" value=\"5.9.5\" \/>\n<input type=\"hidden\" name=\"_wpcf7_locale\" value=\"es_ES\" \/>\n<input type=\"hidden\" name=\"_wpcf7_unit_tag\" value=\"wpcf7-f38397-o1\" \/>\n<input type=\"hidden\" name=\"_wpcf7_container_post\" value=\"0\" \/>\n<input type=\"hidden\" name=\"_wpcf7_posted_data_hash\" value=\"\" \/>\n<input type=\"hidden\" name=\"_wpcf7_recaptcha_response\" value=\"\" \/>\n<\/div>\n<div class=\"cf7-form-control left\">Apellido * <span class=\"wpcf7-form-control-wrap\" data-name=\"cognome\"><input size=\"40\" class=\"wpcf7-form-control wpcf7-text wpcf7-validates-as-required\" aria-required=\"true\" aria-invalid=\"false\" value=\"\" type=\"text\" name=\"cognome\" \/><\/span><\/div>\n<div class=\"cf7-form-control right\">Nombre * <span class=\"wpcf7-form-control-wrap\" data-name=\"nome\"><input size=\"40\" class=\"wpcf7-form-control wpcf7-text wpcf7-validates-as-required\" aria-required=\"true\" aria-invalid=\"false\" value=\"\" type=\"text\" name=\"nome\" \/><\/span><\/div>\n<div style=\"padding-bottom:20px;\">Email* <span class=\"wpcf7-form-control-wrap\" data-name=\"email\"><input size=\"40\" class=\"wpcf7-form-control wpcf7-email wpcf7-validates-as-required wpcf7-text wpcf7-validates-as-email\" aria-required=\"true\" aria-invalid=\"false\" value=\"\" type=\"email\" name=\"email\" \/><\/span><\/div>\n<div class=\"cf7-form-control left\">Tel\u00e9fono * <span class=\"wpcf7-form-control-wrap\" data-name=\"tel-898\"><input size=\"40\" class=\"wpcf7-form-control wpcf7-tel wpcf7-validates-as-required wpcf7-text wpcf7-validates-as-tel\" aria-required=\"true\" aria-invalid=\"false\" placeholder=\"+34 912 000 000\" value=\"\" type=\"tel\" name=\"tel-898\" \/><\/span><\/div>\n<div class=\"cf7-form-control right\">Profesi\u00f3n * <span class=\"wpcf7-form-control-wrap\" data-name=\"cliente\"><select class=\"wpcf7-form-control wpcf7-select wpcf7-validates-as-required\" aria-required=\"true\" aria-invalid=\"false\" name=\"cliente\"><option value=\"\">&#8212;Por favor, elige una opci\u00f3n&#8212;<\/option><option value=\"Arquitecto\">Arquitecto<\/option><option value=\"Interiorista\">Interiorista<\/option><option value=\"Ferreter\u00eda\">Ferreter\u00eda<\/option><option value=\"Showroom\">Showroom<\/option><option value=\"Fabricante de puertas y ventanas\">Fabricante de puertas y ventanas<\/option><option value=\"Contractor\/Constructor\">Contractor\/Constructor<\/option><option value=\"Inmobiliaria\">Inmobiliaria<\/option><option value=\"Prensa\">Prensa<\/option><option value=\"Otro\">Otro<\/option><\/select><\/span><\/div>\n<div class=\"cf7-form-control left\">Sociedad <span class=\"wpcf7-form-control-wrap\" data-name=\"azienda\"><input size=\"40\" class=\"wpcf7-form-control wpcf7-text\" aria-invalid=\"false\" value=\"\" type=\"text\" name=\"azienda\" \/><\/span><\/div>\n<div class=\"cf7-form-control right\">Sitio web <span class=\"wpcf7-form-control-wrap\" data-name=\"url-939\"><input size=\"40\" class=\"wpcf7-form-control wpcf7-url wpcf7-text wpcf7-validates-as-url\" aria-invalid=\"false\" value=\"\" type=\"url\" name=\"url-939\" \/><\/span><\/div>\n<div class=\"cf7-form-control left\">Ciudad <span class=\"wpcf7-form-control-wrap\" data-name=\"citta\"><input size=\"40\" class=\"wpcf7-form-control wpcf7-text\" aria-invalid=\"false\" value=\"\" type=\"text\" name=\"citta\" \/><\/span><\/div>\n<div class=\"cf7-form-control right\">Naci\u00f3n <span class=\"wpcf7-form-control-wrap\" data-name=\"paese\"><input size=\"40\" class=\"wpcf7-form-control wpcf7-text\" aria-invalid=\"false\" value=\"\" type=\"text\" name=\"paese\" \/><\/span><\/div>\n\n\n<div style=\"text-align: left; margin-bottom:10px; font-size: 12px;\"><span class=\"wpcf7-form-control-wrap\" data-name=\"acceptance-938\"><span class=\"wpcf7-form-control wpcf7-acceptance\"><span class=\"wpcf7-list-item\"><input type=\"checkbox\" name=\"acceptance-938\" value=\"1\" aria-invalid=\"false\" \/><\/span><\/span><\/span> Despu\u00e9s de leer la <a href=\"\/informativa-marketing\/\" target=\"_blank\">informaci\u00f3n espec\u00edfica<\/a> proporcionada por Olivari B. S.p.a., de conformidad con el art. 6 p\u00e1rrafo 1 letra a) del Reg (UE) 679\/2016 (GDPR), declaro de PRESTAR mi consentimiento para el tratamiento con fines de marketing, consistente en el env\u00edo de material promocional a trav\u00e9s de canales de comunicaci\u00f3n empresariales descritos en la misma informaci\u00f3n. (Usted ser\u00e1 dirigido a la web en italiano)\n<\/div>\n\n<div style=\"padding-left:80px;\" class=\"cf7-btn-submit\"><input class=\"wpcf7-form-control wpcf7-submit has-spinner\" type=\"submit\" value=\"Solicitar Catalogo\" \/><\/div><div class=\"wpcf7-response-output\" aria-hidden=\"true\"><\/div>\n<\/form>\n<\/div>\n[vc_empty_space height=\u00bb64px\u00bb][\/vc_column][vc_column width=\u00bb1\/3&#8243;][\/vc_column][\/vc_row][vc_row css_animation=\u00bb\u00bb row_type=\u00bbrow\u00bb use_row_as_full_screen_section=\u00bbyes\u00bb type=\u00bbgrid\u00bb angled_section=\u00bbno\u00bb text_align=\u00bbleft\u00bb background_image_as_pattern=\u00bbwithout_pattern\u00bb background_color=\u00bb#262626&#8243; padding_top=\u00bb50&#8243; padding_bottom=\u00bb50&#8243; z_index=\u00bb\u00bb el_id=\u00bbfooter\u00bb][vc_column width=\u00bb1\/3&#8243; css=\u00bb.vc_custom_1617723501034{margin-right: 20px !important;}\u00bb][vc_column_text]<strong>OLIVARI B. S.P.A<\/strong><br \/>\n<span class=\"fontstyle0\">Desde 1911, Olivari realiza manillas<br \/>\nen Italia. En sus cien a\u00f1os de historia,<br \/>\nOlivari siempre ha buscado la m\u00e1s alta<br \/>\ncalidad confiando en la creatividad de los<br \/>\nmejores dise\u00f1adores y arquitectos.<\/span>[\/vc_column_text][\/vc_column][vc_column width=\u00bb1\/3&#8243;][vc_column_text]<strong>CONTACTOS<\/strong><br \/>\nOLIVARI B. S.p.A<br \/>\nVia Matteotti 140<br \/>\n28021 Borgomanero NO &#8211; Italy<br \/>\nT +39 0322 835080<br \/>\ninfo@olivari.it[\/vc_column_text][\/vc_column][vc_column width=\u00bb1\/3&#8243;][vc_column_text]<strong>BOLETIN INFORMATIVO<\/strong><br \/>\nMantente al d\u00eda con Olivari: nuevos productos, ferias, eventos, publicaciones, proyectos. No solo Olivari, sino tambi\u00e9n una visi\u00f3n general del mundo del dise\u00f1o italiano y internacional.<\/p>\n<p><a href=\"http:\/\/www.olivari.it\/en\/newsletter-olivari\/\">SUSCRIBIR<\/a>[\/vc_column_text][\/vc_column][\/vc_row][vc_row css_animation=\u00bb\u00bb row_type=\u00bbrow\u00bb use_row_as_full_screen_section=\u00bbno\u00bb type=\u00bbfull_width\u00bb angled_section=\u00bbno\u00bb text_align=\u00bbcenter\u00bb background_image_as_pattern=\u00bbwithout_pattern\u00bb background_color=\u00bb#000000&#8243; side_padding=\u00bb10&#8243; padding_top=\u00bb20&#8243; padding_bottom=\u00bb20&#8243; z_index=\u00bb\u00bb][vc_column][vc_column_text]<small>\u00a9 2023 Olivari B. S.P.A. \u2022 P.IVA 00124540030 \u2022 <a href=\"http:\/\/www.olivari.it\/en\/privacy-and-cookie-policy\/\" target=\"_blank\" rel=\"noopener\">Pol\u00edtica de privacidad<\/a> \u2022 <a href=\"http:\/\/www.olivari.it\/en\/technical-notes\/\" target=\"_blank\" rel=\"noopener\">Notas t\u00e9cnicas<\/a> \u2022 <a href=\"http:\/\/www.olivari.it\/en\/credits\/\" target=\"_blank\" rel=\"noopener\">Credits<\/a><\/small>[\/vc_column_text][\/vc_column][\/vc_row]<\/p>\n","protected":false},"excerpt":{"rendered":"<p>[vc_row css_animation=\u00bbelement_from_fade\u00bb row_type=\u00bbrow\u00bb use_row_as_full_screen_section=\u00bbyes\u00bb type=\u00bbgrid\u00bb angled_section=\u00bbno\u00bb text_align=\u00bbcenter\u00bb background_image_as_pattern=\u00bbwithout_pattern\u00bb background_color=\u00bb#ffffff\u00bb padding_top=\u00bb30&#8243; z_index=\u00bb\u00bb css=\u00bb.vc_custom_1763996510685{background-image: url(https:\/\/www.olivari.it\/wp-content\/uploads\/2025\/11\/maniglia-landing-2026.jpg?id=100078) !important;background-position: center !important;background-repeat: no-repeat !important;background-size: cover !important;}\u00bb el_id=\u00bbtestataImg\u00bb][vc_column][vc_single_image image=\u00bb100024&#8243; img_size=\u00bbfull\u00bb alignment=\u00bbcenter\u00bb qode_css_animation=\u00bb\u00bb css=\u00bb.vc_custom_1763979971724{margin-top: 10px !important;border-bottom-width: 10px !important;}\u00bb][vc_separator type=\u00bbtransparent\u00bb up=\u00bb15&#8243;][vc_column_text] Las mejores manillas por dise\u00f1o y calidad [\/vc_column_text][vc_separator type=\u00bbtransparent\u00bb up=\u00bb400&#8243;][\/vc_column][\/vc_row][vc_row css_animation=\u00bb\u00bb row_type=\u00bbrow\u00bb use_row_as_full_screen_section=\u00bbno\u00bb type=\u00bbgrid\u00bb angled_section=\u00bbno\u00bb text_align=\u00bbleft\u00bb background_image_as_pattern=\u00bbwith_pattern\u00bb anchor=\u00bbportfolio\u00bb background_color=\u00bb#f6f6f6&#8243; padding_top=\u00bb30px\u00bb padding_bottom=\u00bb30px\u00bb el_id=\u00bbpresentazione\u00bb z_index=\u00bb\u00bb][vc_column][vc_empty_space][vc_column_text] Desde hace m\u00e1s de un siglo, Olivari combina dise\u00f1o, innovaci\u00f3n y calidad Made in Italy para crear objetos de estilo contempor\u00e1neo, concebidos con precisi\u00f3n y excelencia [\/vc_column_text][vc_empty_space height=\u00bb60px\u00bb][vc_column_text] Los grandes nombres que han dado forma al dise\u00f1o Olivari [\/vc_column_text][vc_empty_space][vc_single_image image=\u00bb100039&#8243; img_size=\u00bbfull\u00bb alignment=\u00bbcenter\u00bb qode_css_animation=\u00bb\u00bb][\/vc_column][\/vc_row][vc_row css_animation=\u00bb\u00bb row_type=\u00bbrow\u00bb&#8230;<\/p>\n","protected":false},"author":5,"featured_media":0,"parent":0,"menu_order":0,"comment_status":"closed","ping_status":"closed","template":"full_width.php","meta":{"footnotes":""},"yoast_head":"<!-- This site is optimized with the Yoast SEO plugin v22.8 - https:\/\/yoast.com\/wordpress\/plugins\/seo\/ -->\n<title>Olivari Manillas 100% Made in Italy<\/title>\n<meta name=\"description\" content=\"OLIVARI es la marca de manillas l\u00edder del Made in Italy en el mundo del dise\u00f1o y la arquitectura por su calidad e innovaci\u00f3n.\" \/>\n<meta name=\"robots\" content=\"index, follow, max-snippet:-1, max-image-preview:large, max-video-preview:-1\" \/>\n<link rel=\"canonical\" href=\"https:\/\/www.olivari.it\/es\/ads\/\" \/>\n<meta property=\"og:locale\" content=\"es_ES\" \/>\n<meta property=\"og:type\" content=\"article\" \/>\n<meta property=\"og:title\" content=\"Olivari Manillas 100% Made in Italy\" \/>\n<meta property=\"og:description\" content=\"OLIVARI es la marca de manillas l\u00edder del Made in Italy en el mundo del dise\u00f1o y la arquitectura por su calidad e innovaci\u00f3n.\" \/>\n<meta property=\"og:url\" content=\"https:\/\/www.olivari.it\/es\/ads\/\" \/>\n<meta property=\"og:site_name\" content=\"Olivari\" \/>\n<meta property=\"article:publisher\" content=\"https:\/\/www.facebook.com\/olivariofficial\" \/>\n<meta property=\"article:modified_time\" content=\"2026-03-10T16:25:32+00:00\" \/>\n<meta name=\"twitter:label1\" content=\"Tiempo de lectura\" \/>\n\t<meta name=\"twitter:data1\" content=\"3 minutos\" \/>\n<script type=\"application\/ld+json\" class=\"yoast-schema-graph\">{\"@context\":\"https:\/\/schema.org\",\"@graph\":[{\"@type\":\"WebPage\",\"@id\":\"https:\/\/www.olivari.it\/es\/ads\/\",\"url\":\"https:\/\/www.olivari.it\/es\/ads\/\",\"name\":\"Olivari Manillas 100% Made in Italy\",\"isPartOf\":{\"@id\":\"https:\/\/www.olivari.it\/es\/#website\"},\"datePublished\":\"2021-04-07T08:32:27+00:00\",\"dateModified\":\"2026-03-10T16:25:32+00:00\",\"description\":\"OLIVARI es la marca de manillas l\u00edder del Made in Italy en el mundo del dise\u00f1o y la arquitectura por su calidad e innovaci\u00f3n.\",\"breadcrumb\":{\"@id\":\"https:\/\/www.olivari.it\/es\/ads\/#breadcrumb\"},\"inLanguage\":\"es\",\"potentialAction\":[{\"@type\":\"ReadAction\",\"target\":[\"https:\/\/www.olivari.it\/es\/ads\/\"]}]},{\"@type\":\"BreadcrumbList\",\"@id\":\"https:\/\/www.olivari.it\/es\/ads\/#breadcrumb\",\"itemListElement\":[{\"@type\":\"ListItem\",\"position\":1,\"name\":\"Home\",\"item\":\"https:\/\/www.olivari.it\/es\/\"},{\"@type\":\"ListItem\",\"position\":2,\"name\":\"Landing ES\"}]},{\"@type\":\"WebSite\",\"@id\":\"https:\/\/www.olivari.it\/es\/#website\",\"url\":\"https:\/\/www.olivari.it\/es\/\",\"name\":\"Olivari\",\"description\":\"Maniglie di design\",\"potentialAction\":[{\"@type\":\"SearchAction\",\"target\":{\"@type\":\"EntryPoint\",\"urlTemplate\":\"https:\/\/www.olivari.it\/es\/?s={search_term_string}\"},\"query-input\":\"required name=search_term_string\"}],\"inLanguage\":\"es\"}]}<\/script>\n<!-- \/ Yoast SEO plugin. -->","yoast_head_json":{"title":"Olivari Manillas 100% Made in Italy","description":"OLIVARI es la marca de manillas l\u00edder del Made in Italy en el mundo del dise\u00f1o y la arquitectura por su calidad e innovaci\u00f3n.","robots":{"index":"index","follow":"follow","max-snippet":"max-snippet:-1","max-image-preview":"max-image-preview:large","max-video-preview":"max-video-preview:-1"},"canonical":"https:\/\/www.olivari.it\/es\/ads\/","og_locale":"es_ES","og_type":"article","og_title":"Olivari Manillas 100% Made in Italy","og_description":"OLIVARI es la marca de manillas l\u00edder del Made in Italy en el mundo del dise\u00f1o y la arquitectura por su calidad e innovaci\u00f3n.","og_url":"https:\/\/www.olivari.it\/es\/ads\/","og_site_name":"Olivari","article_publisher":"https:\/\/www.facebook.com\/olivariofficial","article_modified_time":"2026-03-10T16:25:32+00:00","twitter_misc":{"Tiempo de lectura":"3 minutos"},"schema":{"@context":"https:\/\/schema.org","@graph":[{"@type":"WebPage","@id":"https:\/\/www.olivari.it\/es\/ads\/","url":"https:\/\/www.olivari.it\/es\/ads\/","name":"Olivari Manillas 100% Made in Italy","isPartOf":{"@id":"https:\/\/www.olivari.it\/es\/#website"},"datePublished":"2021-04-07T08:32:27+00:00","dateModified":"2026-03-10T16:25:32+00:00","description":"OLIVARI es la marca de manillas l\u00edder del Made in Italy en el mundo del dise\u00f1o y la arquitectura por su calidad e innovaci\u00f3n.","breadcrumb":{"@id":"https:\/\/www.olivari.it\/es\/ads\/#breadcrumb"},"inLanguage":"es","potentialAction":[{"@type":"ReadAction","target":["https:\/\/www.olivari.it\/es\/ads\/"]}]},{"@type":"BreadcrumbList","@id":"https:\/\/www.olivari.it\/es\/ads\/#breadcrumb","itemListElement":[{"@type":"ListItem","position":1,"name":"Home","item":"https:\/\/www.olivari.it\/es\/"},{"@type":"ListItem","position":2,"name":"Landing ES"}]},{"@type":"WebSite","@id":"https:\/\/www.olivari.it\/es\/#website","url":"https:\/\/www.olivari.it\/es\/","name":"Olivari","description":"Maniglie di design","potentialAction":[{"@type":"SearchAction","target":{"@type":"EntryPoint","urlTemplate":"https:\/\/www.olivari.it\/es\/?s={search_term_string}"},"query-input":"required name=search_term_string"}],"inLanguage":"es"}]}},"_links":{"self":[{"href":"https:\/\/www.olivari.it\/es\/wp-json\/wp\/v2\/pages\/34123"}],"collection":[{"href":"https:\/\/www.olivari.it\/es\/wp-json\/wp\/v2\/pages"}],"about":[{"href":"https:\/\/www.olivari.it\/es\/wp-json\/wp\/v2\/types\/page"}],"author":[{"embeddable":true,"href":"https:\/\/www.olivari.it\/es\/wp-json\/wp\/v2\/users\/5"}],"replies":[{"embeddable":true,"href":"https:\/\/www.olivari.it\/es\/wp-json\/wp\/v2\/comments?post=34123"}],"version-history":[{"count":54,"href":"https:\/\/www.olivari.it\/es\/wp-json\/wp\/v2\/pages\/34123\/revisions"}],"predecessor-version":[{"id":102021,"href":"https:\/\/www.olivari.it\/es\/wp-json\/wp\/v2\/pages\/34123\/revisions\/102021"}],"wp:attachment":[{"href":"https:\/\/www.olivari.it\/es\/wp-json\/wp\/v2\/media?parent=34123"}],"curies":[{"name":"wp","href":"https:\/\/api.w.org\/{rel}","templated":true}]}}